{"id":3420,"date":"2024-04-08T16:02:42","date_gmt":"2024-04-08T21:02:42","guid":{"rendered":"https:\/\/web.grearequipa.gob.pe\/?page_id=3420"},"modified":"2025-02-07T16:07:21","modified_gmt":"2025-02-07T21:07:21","slug":"convocatorias-cas-2024","status":"publish","type":"page","link":"https:\/\/web.grearequipa.gob.pe\/?page_id=3420","title":{"rendered":"CONVOCATORIAS CAS 2025"},"content":{"rendered":"\n<table id=\"tablepress-13\" class=\"tablepress tablepress-id-13\">\n<thead>\n<tr class=\"row-1 odd\">\n\t<th class=\"column-1\">&nbsp;<\/th><th class=\"column-2\">CONVOCATORIA<\/th><th class=\"column-3\">TERMINO DE REFERENCIA<\/th><th class=\"column-4\">ANEXOS<\/th><th class=\"column-5\">OTROS<\/th><th class=\"column-6\">RESULTADOS<\/th><th class=\"column-7\">ESTADO<\/th>\n<\/tr>\n<\/thead>\n<tbody class=\"row-hover\">\n<tr class=\"row-2 even\">\n\t<td class=\"column-1\">CAS 0010-2025<br \/>\n31\/10\/2025<\/td><td class=\"column-2\"><a href=\"https:\/\/drive.google.com\/file\/d\/1tRjA08lkgt9dAgq3rc9B3V5a754zQ4EL\/view?usp=drive_link\" target=\"_blank\" rel=\"noopener\">ESPECIALISTA DRE\/GRE LEGAL PARA LA ESTRATEGIA DE SUPERVISI\u00d3N AL SERVICIO DE GESTI\u00d3N PRIVADA DE EDUCACI\u00d3N B\u00c1SICA DE LA GERENCIAREGIONAL DE EDUCACI\u00d3N AREQUIPA<\/a><\/td><td class=\"column-3\"><\/td><td class=\"column-4\"><\/td><td class=\"column-5\"><a href=\"https:\/\/drive.google.com\/file\/d\/1oX87ewM4GXaSE5vKY5LR4e6AJILQYLcT\/view?usp=drive_link\">RESULTADOS PRELIMINARES <\/a><\/td><td class=\"column-6\"><a href=\"https:\/\/drive.google.com\/file\/d\/1pYaJySa9xBZmdKyjRXrGGXBSqpz-P3OS\/view?usp=drive_link\" target=\"_blank\" rel=\"noopener\">RESULTADOS<\/a><\/td><td class=\"column-7\">FINALIZADA<\/td>\n<\/tr>\n<tr class=\"row-3 odd\">\n\t<td class=\"column-1\">CAS 0009-2025<br \/>\n31\/10\/2025<\/td><td class=\"column-2\"><a href=\"https:\/\/drive.google.com\/file\/d\/1aM2oTCzWp530FucPzE3wW8aWGE3eC_50\/view?usp=drive_link\" target=\"_blank\" rel=\"noopener\">ESPECIALISTA DE LA CALIDAD DEL SERVICIO EDUCATIVO SUPERIOR TECNOL\u00d3GICO PARA EL FORTALECIMIENTO DE LAS ACCIONES DELPROGRAMA PRESUPUESTAL 147 \"FORTALECIMIENTO DE LA EDUCACI\u00d3N TECNOL\u00d3GICA\"<\/a><\/td><td class=\"column-3\"><\/td><td class=\"column-4\"><\/td><td class=\"column-5\"><\/td><td class=\"column-6\"><\/td><td class=\"column-7\">FINALIZADA<\/td>\n<\/tr>\n<tr class=\"row-4 even\">\n\t<td class=\"column-1\">CAS 0008-2025<br \/>\n31\/10\/2025<\/td><td class=\"column-2\"><a href=\"https:\/\/drive.google.com\/file\/d\/1EbvdTK6QQbnEwoT73-15i8VDwLQpTl5h\/view?usp=drive_link\" target=\"_blank\" rel=\"noopener\">DOCENTE ESPECIALISTA ENDISCAPACIDAD VISUAL Y SORDOCEGUERA PARA EL CENTRO DE RECURSOS DE EDUCACI\u00d3N B\u00c1SICA ESPECIAL - CREBE, DEL PP 106 <\/a><\/td><td class=\"column-3\"><\/td><td class=\"column-4\"><\/td><td class=\"column-5\"><a href=\"https:\/\/drive.google.com\/file\/d\/1XrR3w1mwbFwJVQp1ZfebpgkN4CO7yaJ-\/view?usp=drive_link\" target=\"_blank\" rel=\"noopener\">RESULTADOS PRELIMINARES <\/a><\/td><td class=\"column-6\"><a href=\"https:\/\/drive.google.com\/file\/d\/1EADlUgSUIKm0LqhYV-rGwp78qQNcNwY_\/view?usp=drive_link\" target=\"_blank\" rel=\"noopener\">RESULTADOS<\/a><\/td><td class=\"column-7\">FINALIZADA<\/td>\n<\/tr>\n<tr class=\"row-5 odd\">\n\t<td class=\"column-1\">CAS 0007-2025<br \/>\n27\/02\/2025<\/td><td class=\"column-2\"><a href=\"https:\/\/drive.google.com\/file\/d\/14jV92OS29CXt7ZeRjxAWBcP_Qs_OV9h4\/view?usp=drive_link\" target=\"_blank\" rel=\"noopener\">PROFESIONAL DOCENTE ESPECIALISTA EN DISCAPACIDAD VISUAL Y SORDOCEGUERA PARA EL CENTRO DE RECURSOS DE EDUCACI\u00d3N B\u00c1SICA ESPECIAL- CREBE<\/a><\/td><td class=\"column-3\"><\/td><td class=\"column-4\"><\/td><td class=\"column-5\"><a href=\"https:\/\/drive.google.com\/file\/d\/1oefNQ-pRhl91TCFMxrcSOtDrnkptRdNv\/view?usp=drive_link\" target=\"_blank\" rel=\"noopener\">RESULTADOS PRELIMINARES<\/a><br \/>\n<BR><BR><br \/>\n<a href=\"https:\/\/drive.google.com\/file\/d\/1JTVOafhmTC5yHkndjOLEFqwKHSexGWlN\/view?usp=drive_link\" target=\"_blank\" rel=\"noopener\">RESULTADOS FINALES DE EVALUACI\u00d3N DE HOJA DE VIDA<\/a><\/td><td class=\"column-6\"><a href=\"https:\/\/drive.google.com\/file\/d\/1xOzrJhUJbLI-p92pLxHYEngtqoKdUf0k\/view?usp=drive_link\" target=\"_blank\" rel=\"noopener\">RESULTADOS FINALES<\/a><\/td><td class=\"column-7\">FINALIZADA<\/td>\n<\/tr>\n<tr class=\"row-6 even\">\n\t<td class=\"column-1\">CAS 0006-2025<br \/>\n27\/02\/2025<\/td><td class=\"column-2\"><a href=\"https:\/\/drive.google.com\/file\/d\/1fLWg4Gi3mjokRUROGdPkX_-PBMmO6Tva\/view?usp=drive_link\" target=\"_blank\" rel=\"noopener\">ESPECIALISTA LEGAL<\/a><br \/>\n<\/td><td class=\"column-3\"><\/td><td class=\"column-4\"><\/td><td class=\"column-5\"><a href=\"https:\/\/drive.google.com\/file\/d\/1Y_93Z24c_HASF4ghKs7lxWD3DJ_kB2o0\/view?usp=drive_link\" target=\"_blank\" rel=\"noopener\">RESULTADOS PRELIMINARES<\/a><br \/>\n<br><br><br \/>\n<a href=\"https:\/\/drive.google.com\/file\/d\/1txBsJ5kTmfX6vTCrfRS9ufiSGvSJDfup\/view?usp=drive_link\" target=\"_blank\" rel=\"noopener\"> ABSOLUCI\u00d3N DE RECLAMOS<\/a><br \/>\n<br><br><br \/>\n<a href=\"https:\/\/drive.google.com\/file\/d\/1dq88b0jCH948PB8uGbme281MwjS6ZCPD\/view?usp=drive_link\" target=\"_blank\" rel=\"noopener\">RESULTADOS FINALES DE EVALUACI\u00d3N DE HOJA DE VIDA<\/a><\/td><td class=\"column-6\"><a href=\"https:\/\/drive.google.com\/file\/d\/1E7ZQFYA2Dgw38kvKg6GNnpnVo9lyFWfY\/view?usp=drive_link\" target=\"_blank\" rel=\"noopener\">RESULTADOS FINALES<\/a><\/td><td class=\"column-7\">FINALIZADA<\/td>\n<\/tr>\n<tr class=\"row-7 odd\">\n\t<td class=\"column-1\">CAS 0005-2025<br \/>\n26\/02\/2025<\/td><td class=\"column-2\"><a href=\"https:\/\/drive.google.com\/file\/d\/1_Z-I6K2FApNoWUMtmLSKsDQv6dirSZcG\/view?usp=drive_link\" target=\"_blank\" rel=\"noopener\">ANALISTA TRIBUTARIO<\/a><\/td><td class=\"column-3\"><\/td><td class=\"column-4\"><\/td><td class=\"column-5\"><a href=\"https:\/\/drive.google.com\/file\/d\/1dWUHA6i5gTvDq5L4MY7fuhBcyK_NVfP1\/view?usp=drive_link\" target=\"_blank\" rel=\"noopener\">FORMATOS<\/a><br \/>\n<BR><BR><br \/>\n<a href=\"https:\/\/drive.google.com\/file\/d\/1wcNYpVgEQDBnvmrA3PEHzw7vFA7OR5A7\/view?usp=drive_link\" target=\"_blank\" rel=\"noopener\">RESULTADOS PRELIMINARES<\/a><br \/>\n<BR><BR><br \/>\n<a href=\"https:\/\/drive.google.com\/file\/d\/1CGua22ZhAy_EmLsIbk-yYU-02vYjIsPl\/view?usp=drive_link\" target=\"_blank\" rel=\"noopener\">ENTREVISTAS<\/a><\/td><td class=\"column-6\"><a href=\"https:\/\/drive.google.com\/file\/d\/1CgyJtwjjIUsZxySLwkIXkGXj3KHGEOqH\/view?usp=drive_link\" target=\"_blank\" rel=\"noopener\">RESULTADOS FINALES<\/a><\/td><td class=\"column-7\">FINALIZADA<\/td>\n<\/tr>\n<tr class=\"row-8 even\">\n\t<td class=\"column-1\">CAS 0004-2025<br \/>\n25\/02\/2025<\/td><td class=\"column-2\"><a href=\"https:\/\/drive.google.com\/file\/d\/1coA40kufqwbXauRKXqd8D5sLeD9T6jHz\/view?usp=drive_link\" target=\"_blank\" rel=\"noopener\">ESPECIALISTA DE LA CALIDAD DEL SERVICIO EDUCATIVO SUPERIOR TECNOL\u00d3GICO <\/a><\/td><td class=\"column-3\"><\/td><td class=\"column-4\"><\/td><td class=\"column-5\"><a href=\"https:\/\/drive.google.com\/file\/d\/1qldjkvMQX-JPlf5RaEaP6GtjNSyBXW0C\/view?usp=drive_link\" target=\"_blank\" rel=\"noopener\">RESULTADOS PRELIMINARES<\/a><br \/>\n<br><br><br \/>\n<a href=\"https:\/\/drive.google.com\/file\/d\/1h3LawO9pwVyLtYXTbC-kPAkk7xzBjV_n\/view?usp=drive_link\" target=\"_blank\" rel=\"noopener\">RESULTADOS FINALES DE LA HOJA DE VIDA CAS 04 -2025GRA\/GRE\/DGP<\/a><\/td><td class=\"column-6\"><a href=\"https:\/\/drive.google.com\/file\/d\/1P5DpFTJnKfLP9akNrrvfDNDIy8KcOmpl\/view?usp=drive_link\" target=\"_blank\" rel=\"noopener\">RESULTADOS FINALES<\/a><\/td><td class=\"column-7\">FINALIZADA<\/td>\n<\/tr>\n<tr class=\"row-9 odd\">\n\t<td class=\"column-1\">CAS 0003-2025<br \/>\n19\/02\/2025<\/td><td class=\"column-2\"><a href=\"https:\/\/drive.google.com\/file\/d\/10gAr4ADF2jlLBwBz9fXzqQNSwBokeN0T\/view?usp=drive_link\" target=\"_blank\" rel=\"noopener\">ESPECIALISTA DE CONVIVENCIA ESCOLAR<\/a><\/td><td class=\"column-3\"><\/td><td class=\"column-4\"><\/td><td class=\"column-5\"><a href=\"https:\/\/drive.google.com\/file\/d\/15EM-Hoei3Y14EaMkrVejxN8WiZH52F6J\/view?usp=drive_link\" target=\"_blank\" rel=\"noopener\">RESULTADOS PRELIMINARES<\/a><br \/>\n<br><br><br \/>\n<a href=\"https:\/\/drive.google.com\/file\/d\/1gz9RBb3-ighTcl6MAe5q0UrhYY8PPnlL\/view?usp=drive_link\" target=\"_blank\" rel=\"noopener\">RESULTADOS DE RECLAMOS <\/a><br \/>\n<br><br><br \/>\n<a href=\"https:\/\/drive.google.com\/file\/d\/19aXIqghKeMOjeZlC2OnSdKWtCMDuzzv6\/view?usp=drive_link\" target=\"_blank\" rel=\"noopener\">RESULTADOS FINALES DE LA EVALUACION DE HOJA DE VIDA <\/a><\/td><td class=\"column-6\"><a href=\"https:\/\/drive.google.com\/file\/d\/1dEXtFVOQP2MK_vGYBAmTFZ0sxwYc4Ad-\/view?usp=drive_link\" target=\"_blank\" rel=\"noopener\">RESULTADOS FINALES<\/a><\/td><td class=\"column-7\">FINALIZADA<\/td>\n<\/tr>\n<tr class=\"row-10 even\">\n\t<td class=\"column-1\">CAS 0002-2025<br \/>\n22\/01\/2025<\/td><td class=\"column-2\"><a href=\"https:\/\/drive.google.com\/file\/d\/1Wi_k9kRx5NklnOpWwk5zle0HQw77ldBM\/view?usp=drive_link\" target=\"_blank\" rel=\"noopener\">03 COORDINADOR LOCAL PREVAED<\/a><\/td><td class=\"column-3\"><\/td><td class=\"column-4\"><\/td><td class=\"column-5\"><a href=\"https:\/\/drive.google.com\/file\/d\/14io5eIs-LGPcKfXKfvDfFr_0ci2P5YPs\/view?usp=drive_link\" target=\"_blank\" rel=\"noopener\">FE DE ERRATAS<\/a><br \/>\n<br><br><a href=\"https:\/\/drive.google.com\/file\/d\/1bNFfEzUYYLzOVhKpugktpQDVpbVg8rxo\/view?usp=drive_link\" target=\"_blank\" rel=\"noopener\">EVALUACI\u00d3N DE EXPEDIENTES<\/a><br \/>\n<br><br><br \/>\n<a href=\"https:\/\/drive.google.com\/file\/d\/1gPPMFE5eAro0z4qCWs_duw-lMowcnhcK\/view?usp=drive_link\" target=\"_blank\" rel=\"noopener\">RESULTADOS FINALES DE HOJA DE VIDA SUR, CASTILLA Y CARAVELI<\/a><br \/>\n<br><br><br \/>\n<a href=\"https:\/\/drive.google.com\/file\/d\/1fLWtxn8oJjmrDeEDO_5qOcxIG1BaDMZ6\/view?usp=drive_link\" target=\"_blank\" rel=\"noopener\">ENTREVISTAS SUR, CASTILLA Y CARAVELI<\/a><\/td><td class=\"column-6\"><a href=\"https:\/\/drive.google.com\/file\/d\/19yVF_QmZ-CRiyZMQqSXQHHQyDhcDwsA0\/view?usp=drive_link\" target=\"_blank\" rel=\"noopener\">RESULTADOS<\/a><\/td><td class=\"column-7\">FINALIZADA<\/td>\n<\/tr>\n<tr class=\"row-11 odd\">\n\t<td class=\"column-1\">CAS 0001-2025<br \/>\n08\/01\/2025<\/td><td class=\"column-2\"><a href=\"https:\/\/drive.google.com\/file\/d\/1IyOt93i6iuPKdIauFggl7Y8kbrpuRWea\/view?usp=drive_link\" target=\"_blank\" rel=\"noopener\">Grupo Auxiliar<\/a><\/td><td class=\"column-3\"><\/td><td class=\"column-4\"><\/td><td class=\"column-5\"><a href=\"https:\/\/drive.google.com\/file\/d\/1I03QEiF01kJiZrT0uJZzykoCDzhnTP5u\/view?usp=drive_link\" target=\"_blank\" rel=\"noopener\">FE DE ERRATAS<\/a><br \/>\n<br><br><br \/>\n<a href=\"https:\/\/drive.google.com\/file\/d\/179-CR11SLRj7Y128PKrsw8UjPhVGAv6O\/view?usp=drive_link\" target=\"_blank\" rel=\"noopener\">RESULTADOS CUMPLIMIENTO REQUISITOS M\u00cdNIMOS <\/a><br \/>\n<br \/>\n<br><br> <a href=\"https:\/\/drive.google.com\/file\/d\/1VTX8ghJlztlxaOhewSkyPjQ36KwHSEkB\/view?usp=drive_link\" target=\"_blank\" rel=\"noopener\">RESULTADOS PRELIMINARES<\/a><br \/>\n<\/td><td class=\"column-6\"><a href=\"https:\/\/drive.google.com\/file\/d\/18-NDV6e-f4v0xYmdf4FKGz4cTCPop75l\/view?usp=drive_link\" target=\"_blank\" rel=\"noopener\">RESULTADO<\/a><\/td><td class=\"column-7\">FINALIZADA<\/td>\n<\/tr>\n<\/tbody>\n<\/table>\n<!-- #tablepress-13 from cache -->\n","protected":false},"excerpt":{"rendered":"","protected":false},"author":2,"featured_media":0,"parent":0,"menu_order":0,"comment_status":"closed","ping_status":"closed","template":"","meta":{"footnotes":""},"class_list":["post-3420","page","type-page","status-publish","hentry"],"_links":{"self":[{"href":"https:\/\/web.grearequipa.gob.pe\/index.php?rest_route=\/wp\/v2\/pages\/3420","targetHints":{"allow":["GET"]}}],"collection":[{"href":"https:\/\/web.grearequipa.gob.pe\/index.php?rest_route=\/wp\/v2\/pages"}],"about":[{"href":"https:\/\/web.grearequipa.gob.pe\/index.php?rest_route=\/wp\/v2\/types\/page"}],"author":[{"embeddable":true,"href":"https:\/\/web.grearequipa.gob.pe\/index.php?rest_route=\/wp\/v2\/users\/2"}],"replies":[{"embeddable":true,"href":"https:\/\/web.grearequipa.gob.pe\/index.php?rest_route=%2Fwp%2Fv2%2Fcomments&post=3420"}],"version-history":[{"count":2,"href":"https:\/\/web.grearequipa.gob.pe\/index.php?rest_route=\/wp\/v2\/pages\/3420\/revisions"}],"predecessor-version":[{"id":4234,"href":"https:\/\/web.grearequipa.gob.pe\/index.php?rest_route=\/wp\/v2\/pages\/3420\/revisions\/4234"}],"wp:attachment":[{"href":"https:\/\/web.grearequipa.gob.pe\/index.php?rest_route=%2Fwp%2Fv2%2Fmedia&parent=3420"}],"curies":[{"name":"wp","href":"https:\/\/api.w.org\/{rel}","templated":true}]}}