{"id":344,"date":"2021-12-24T11:36:54","date_gmt":"2021-12-24T16:36:54","guid":{"rendered":"https:\/\/web.grearequipa.gob.pe\/?page_id=344"},"modified":"2021-12-24T12:39:05","modified_gmt":"2021-12-24T17:39:05","slug":"convocatorias-externas","status":"publish","type":"page","link":"https:\/\/web.grearequipa.gob.pe\/?page_id=344","title":{"rendered":"Convocatorias Externas"},"content":{"rendered":"\t\t<div data-elementor-type=\"wp-page\" data-elementor-id=\"344\" class=\"elementor elementor-344\" data-elementor-settings=\"[]\">\n\t\t\t\t\t\t\t<div class=\"elementor-section-wrap\">\n\t\t\t\t\t\t\t<section class=\"elementor-section elementor-top-section elementor-element elementor-element-3fda79c elementor-section-boxed elementor-section-height-default elementor-section-height-default\" data-id=\"3fda79c\" data-element_type=\"section\">\n\t\t\t\t\t\t<div class=\"elementor-container elementor-column-gap-default\">\n\t\t\t\t\t<div class=\"elementor-column elementor-col-100 elementor-top-column elementor-element elementor-element-a323e5a\" data-id=\"a323e5a\" data-element_type=\"column\">\n\t\t\t<div class=\"elementor-widget-wrap elementor-element-populated\">\n\t\t\t\t\t\t\t\t<div class=\"elementor-element elementor-element-acf8f2c elementor-widget elementor-widget-heading\" data-id=\"acf8f2c\" data-element_type=\"widget\" data-widget_type=\"heading.default\">\n\t\t\t\t<div class=\"elementor-widget-container\">\n\t\t\t<style>\/*! elementor - v3.5.4 - 23-01-2022 *\/\n.elementor-heading-title{padding:0;margin:0;line-height:1}.elementor-widget-heading .elementor-heading-title[class*=elementor-size-]>a{color:inherit;font-size:inherit;line-height:inherit}.elementor-widget-heading .elementor-heading-title.elementor-size-small{font-size:15px}.elementor-widget-heading .elementor-heading-title.elementor-size-medium{font-size:19px}.elementor-widget-heading .elementor-heading-title.elementor-size-large{font-size:29px}.elementor-widget-heading .elementor-heading-title.elementor-size-xl{font-size:39px}.elementor-widget-heading .elementor-heading-title.elementor-size-xxl{font-size:59px}<\/style><h2 class=\"elementor-heading-title elementor-size-default\">CONVOCATORIAS EXTERNAS<\/h2>\t\t<\/div>\n\t\t\t\t<\/div>\n\t\t\t\t\t<\/div>\n\t\t<\/div>\n\t\t\t\t\t\t\t<\/div>\n\t\t<\/section>\n\t\t\t\t<section class=\"elementor-section elementor-top-section elementor-element elementor-element-bb1dc0e elementor-section-boxed elementor-section-height-default elementor-section-height-default\" data-id=\"bb1dc0e\" data-element_type=\"section\">\n\t\t\t\t\t\t<div class=\"elementor-container elementor-column-gap-default\">\n\t\t\t\t\t<div class=\"elementor-column elementor-col-100 elementor-top-column elementor-element elementor-element-895967c\" data-id=\"895967c\" data-element_type=\"column\">\n\t\t\t<div class=\"elementor-widget-wrap elementor-element-populated\">\n\t\t\t\t\t\t\t\t<div class=\"elementor-element elementor-element-5e48e04 elementor-widget elementor-widget-eael-advanced-data-table\" data-id=\"5e48e04\" data-element_type=\"widget\" data-widget_type=\"eael-advanced-data-table.default\">\n\t\t\t\t<div class=\"elementor-widget-container\">\n\t\t\t<div class=\"ea-advanced-data-table-wrap\" data-id=\"5e48e04\"><div class=\"ea-advanced-data-table-search-wrap ea-advanced-data-table-search-right\"><input type=\"search\" placeholder=\"Search\" class=\"ea-advanced-data-table-search\"><\/div><div class=\"ea-advanced-data-table-wrap-inner\">\n                <table class=\"ea-advanced-data-table ea-advanced-data-table-tablepress ea-advanced-data-table-5e48e04 ea-advanced-data-table-sortable ea-advanced-data-table-paginated ea-advanced-data-table-searchable\" data-id=\"5e48e04\" data-items-per-page=\"10\"><thead><tr><th><\/th><th>CONVOCATORIA<\/th><th>TERMINO DE REFERENCIA<\/th><th>ANEXOS<\/th><th>OTROS<\/th><th>RESULTADOS<\/th><th>ESTADO<\/th><\/tr><\/thead><tbody><tr><td>CONVOCATORIA 06 276-2026\n<br>\n<br>\n05\/03\/2026<\/td><td><a href=\"https:\/\/drive.google.com\/file\/d\/1SnkqdeHGoUvdkL7L2W2NVxYOAqA7N313\/view?usp=drive_link\" target=\"_blank\" rel=\"noopener\">CRONOGRAMA AUXILIAR DE BIBLIOTECA PEDRO P. DIAZ<\/a><\/td><td><\/td><td><\/td><td><a href=\"https:\/\/drive.google.com\/file\/d\/1Ed8BLzAhsu-NpVbJCvOyEjYWfC29pO98\/view?usp=drive_link\" target=\"_blank\" rel=\"noopener\">FE DE ERRATAS<\/a><\/td><td><\/td><td><\/td><\/tr><tr><td>CONVOCATORIA 05 276-2026\n<br>\n<br>\n05\/03\/2026<\/td><td><a href=\"https:\/\/drive.google.com\/file\/d\/1sWgSkS0828lGauZbZSXl_c1FGnbAYjW7\/view?usp=drive_link\" target=\"_blank\" rel=\"noopener\">CRONOGRAMA OFICINISTA FAUSTINO B FRANCO<\/a><\/td><td><\/td><td><\/td><td><\/td><td><\/td><td><\/td><\/tr><tr><td>CONVOCATORIA 04 276-2026\n<br>\n<br>\n05\/03\/2026<\/td><td><a href=\"https:\/\/drive.google.com\/file\/d\/1IPEr7KX1HIGP1FgdmuYnhz217PlaurOk\/view?usp=drive_link\" target=\"_blank\" rel=\"noopener\">CRONOGRAMA SECRETARIA MONSE\u00d1OR<\/a><\/td><td><\/td><td><\/td><td><\/td><td><\/td><td><\/td><\/tr><tr><td>CONVOCATORIA 03 276-2026\n<br>\n<br>\n05\/03\/2026<\/td><td><a href=\"https:\/\/drive.google.com\/file\/d\/1cYKW6bHrF9kUIT8wUOvLPxhtLBjDXtvJ\/view?usp=drive_link\" target=\"_blank\" rel=\"noopener\">CRONOGRAMA OFICINISTA HONORIO DELGADO<\/a><\/td><td><\/td><td><\/td><td><\/td><td><\/td><td><\/td><\/tr><tr><td>CONVOCATORIA 02 276-2026\n<br>\n<br>\n05\/03\/2026<\/td><td><a href=\"https:\/\/drive.google.com\/file\/d\/1zfaIL451-9g5EYj_6qWkBwSTkNbmktbI\/view?usp=drive_link\" target=\"_blank\" rel=\"noopener\">CRONOGRAMA PSIC\u00d3LOGO<\/a><\/td><td><\/td><td><\/td><td><a href=\"https:\/\/drive.google.com\/file\/d\/16yz9OyJLUI7qepwmkaMSXcXsYrBaSwPU\/view?usp=drive_link\" target=\"_blank\" rel=\"noopener\">COMUNICADO<\/a>\n\n<br><br>\n<a href=\"https:\/\/drive.google.com\/file\/d\/1vqVsu28SWhqOu1fkaRgh4PNWwTsZeJws\/view?usp=drive_link\" target=\"_blank\" rel=\"noopener\">RESULTADOS PRELIMINARES<\/a><\/td><td><a href=\"https:\/\/drive.google.com\/file\/d\/1tVNsox8tr8CCPngkCV6ZvkAPDRmJv94X\/view?usp=sharing\">RESULTADO FINAL<\/a><\/td><td><\/td><\/tr><\/tbody><\/table>\n            <\/div><div class=\"ea-advanced-data-table-pagination ea-advanced-data-table-pagination-button clearfix\"><\/div><\/div>\t\t<\/div>\n\t\t\t\t<\/div>\n\t\t\t\t\t<\/div>\n\t\t<\/div>\n\t\t\t\t\t\t\t<\/div>\n\t\t<\/section>\n\t\t\t\t\t\t<\/div>\n\t\t\t\t\t<\/div>\n\t\t","protected":false},"excerpt":{"rendered":"<p>CONVOCATORIAS EXTERNAS CONVOCATORIA INSTITUCI\u00d3N INICIO FIN CAS 003 \u2013 2021COMUNICADO UGEL CAYLLOMA 05\/05\/2021 13\/05\/2021 CONVOCATORIA 005 \u2013 2021 COLEGIO MILITAR FRANCISCO BOLOGNESI 14\/04\/2021 19\/04\/2021 SEGUNDA CONVOCATORIA PARA PLAZAS JER\u00c1RQUICASESPECIFICACIONES PARA LA POSTULACI\u00d3N A PLAZAS DESIERTAS DE GESTI\u00d3N PEDAG\u00d3GICAEVALUACI\u00d3N DE EXPEDIENTESABSOLUCION DE RECLAMOS IESPP La Inmaculada de Caman\u00e1 30\/04\/2021 14\/05\/2021 PROCESO DE CONTRATO DE PERSONAL ADMINISTRATIVO [&hellip;]<\/p>\n","protected":false},"author":1,"featured_media":0,"parent":0,"menu_order":0,"comment_status":"closed","ping_status":"closed","template":"","meta":{"footnotes":""},"class_list":["post-344","page","type-page","status-publish","hentry"],"_links":{"self":[{"href":"https:\/\/web.grearequipa.gob.pe\/index.php?rest_route=\/wp\/v2\/pages\/344","targetHints":{"allow":["GET"]}}],"collection":[{"href":"https:\/\/web.grearequipa.gob.pe\/index.php?rest_route=\/wp\/v2\/pages"}],"about":[{"href":"https:\/\/web.grearequipa.gob.pe\/index.php?rest_route=\/wp\/v2\/types\/page"}],"author":[{"embeddable":true,"href":"https:\/\/web.grearequipa.gob.pe\/index.php?rest_route=\/wp\/v2\/users\/1"}],"replies":[{"embeddable":true,"href":"https:\/\/web.grearequipa.gob.pe\/index.php?rest_route=%2Fwp%2Fv2%2Fcomments&post=344"}],"version-history":[{"count":8,"href":"https:\/\/web.grearequipa.gob.pe\/index.php?rest_route=\/wp\/v2\/pages\/344\/revisions"}],"predecessor-version":[{"id":836,"href":"https:\/\/web.grearequipa.gob.pe\/index.php?rest_route=\/wp\/v2\/pages\/344\/revisions\/836"}],"wp:attachment":[{"href":"https:\/\/web.grearequipa.gob.pe\/index.php?rest_route=%2Fwp%2Fv2%2Fmedia&parent=344"}],"curies":[{"name":"wp","href":"https:\/\/api.w.org\/{rel}","templated":true}]}}