{"id":4202,"date":"2025-02-06T12:40:54","date_gmt":"2025-02-06T17:40:54","guid":{"rendered":"https:\/\/web.grearequipa.gob.pe\/?page_id=4202"},"modified":"2026-02-04T15:57:35","modified_gmt":"2026-02-04T20:57:35","slug":"normatividad-sci","status":"publish","type":"page","link":"https:\/\/web.grearequipa.gob.pe\/?page_id=4202","title":{"rendered":"NORMATIVIDAD SCI"},"content":{"rendered":"\t\t<div data-elementor-type=\"wp-page\" data-elementor-id=\"4202\" class=\"elementor elementor-4202\" data-elementor-settings=\"[]\">\n\t\t\t\t\t\t\t<div class=\"elementor-section-wrap\">\n\t\t\t\t\t\t\t<section class=\"elementor-section elementor-top-section elementor-element elementor-element-c22efa4 elementor-section-boxed elementor-section-height-default elementor-section-height-default\" data-id=\"c22efa4\" data-element_type=\"section\">\n\t\t\t\t\t\t<div class=\"elementor-container elementor-column-gap-default\">\n\t\t\t\t\t<div class=\"elementor-column elementor-col-100 elementor-top-column elementor-element elementor-element-297b394\" data-id=\"297b394\" data-element_type=\"column\">\n\t\t\t<div class=\"elementor-widget-wrap elementor-element-populated\">\n\t\t\t\t\t\t\t\t<div class=\"elementor-element elementor-element-5a8c85cd elementor-widget elementor-widget-text-editor\" data-id=\"5a8c85cd\" data-element_type=\"widget\" data-widget_type=\"text-editor.default\">\n\t\t\t\t<div class=\"elementor-widget-container\">\n\t\t\t<style>\/*! elementor - v3.5.4 - 23-01-2022 *\/\n.elementor-widget-text-editor.elementor-drop-cap-view-stacked .elementor-drop-cap{background-color:#818a91;color:#fff}.elementor-widget-text-editor.elementor-drop-cap-view-framed .elementor-drop-cap{color:#818a91;border:3px solid;background-color:transparent}.elementor-widget-text-editor:not(.elementor-drop-cap-view-default) .elementor-drop-cap{margin-top:8px}.elementor-widget-text-editor:not(.elementor-drop-cap-view-default) .elementor-drop-cap-letter{width:1em;height:1em}.elementor-widget-text-editor .elementor-drop-cap{float:left;text-align:center;line-height:1;font-size:50px}.elementor-widget-text-editor .elementor-drop-cap-letter{display:inline-block}<\/style>\t\t\t\t<!-- wp:paragraph -->\n<p><a href=\"https:\/\/drive.google.com\/file\/d\/1PlqPDoRskPRBcQVEmfDqoJNG3JcmJTR5\/view?usp=drive_link\">RG-2913-2023 plan de continuidad de negocio<\/a><\/p>\n<!-- \/wp:paragraph --><!-- wp:paragraph -->\n<p><a href=\"https:\/\/drive.google.com\/file\/d\/1FozRqVheeK-5uHdgdn_c332smkYLodr9\/view?usp=drive_link\">134-2022-GRA-RER &#8211; directiva responsabilidades SCI<\/a><\/p>\n<!-- \/wp:paragraph --><!-- wp:paragraph -->\n<p><a href=\"https:\/\/drive.google.com\/file\/d\/1wHs7b8xen1HI1hf6-hTTLVqUpZr4CBK-\/view?usp=drive_link\">lineamiento de atenci\u00f3n de denuncias<\/a><\/p>\n<!-- \/wp:paragraph --><!-- wp:paragraph -->\n<p><a href=\"https:\/\/drive.google.com\/file\/d\/1lK664bpQHvrWPg7gqK2oZNkuUmvw9ych\/view?usp=drive_link\">C\u00f3digo de conducta GRA<\/a><\/p>\n<!-- \/wp:paragraph --><!-- wp:paragraph -->\n<p><a href=\"https:\/\/drive.google.com\/file\/d\/15juD8NKH96F0hWdNoJ_271R5-r156ytv\/view?usp=drive_link\">Directiva de otorgamiento de reconocimientos 2024<\/a><\/p>\n<p><a href=\"https:\/\/drive.google.com\/file\/d\/1VIZU9qJA4gAEAG23MLVLKl7a88aeqNuj\/view?usp=drive_link\">Directiva para la Implementaci\u00f3n SCI 2026<\/a><\/p>\n<!-- \/wp:paragraph --><!-- wp:paragraph -->\n<p>\u00a0<\/p>\n<!-- \/wp:paragraph -->\t\t\t\t\t\t<\/div>\n\t\t\t\t<\/div>\n\t\t\t\t\t<\/div>\n\t\t<\/div>\n\t\t\t\t\t\t\t<\/div>\n\t\t<\/section>\n\t\t\t\t\t\t<\/div>\n\t\t\t\t\t<\/div>\n\t\t","protected":false},"excerpt":{"rendered":"<p>RG-2913-2023 plan de continuidad de negocio 134-2022-GRA-RER &#8211; directiva responsabilidades SCI lineamiento de atenci\u00f3n de denuncias C\u00f3digo de conducta GRA Directiva de otorgamiento de reconocimientos 2024 Directiva para la Implementaci\u00f3n SCI 2026 \u00a0<\/p>\n","protected":false},"author":2,"featured_media":0,"parent":0,"menu_order":0,"comment_status":"closed","ping_status":"closed","template":"","meta":{"footnotes":""},"class_list":["post-4202","page","type-page","status-publish","hentry"],"_links":{"self":[{"href":"https:\/\/web.grearequipa.gob.pe\/index.php?rest_route=\/wp\/v2\/pages\/4202","targetHints":{"allow":["GET"]}}],"collection":[{"href":"https:\/\/web.grearequipa.gob.pe\/index.php?rest_route=\/wp\/v2\/pages"}],"about":[{"href":"https:\/\/web.grearequipa.gob.pe\/index.php?rest_route=\/wp\/v2\/types\/page"}],"author":[{"embeddable":true,"href":"https:\/\/web.grearequipa.gob.pe\/index.php?rest_route=\/wp\/v2\/users\/2"}],"replies":[{"embeddable":true,"href":"https:\/\/web.grearequipa.gob.pe\/index.php?rest_route=%2Fwp%2Fv2%2Fcomments&post=4202"}],"version-history":[{"count":9,"href":"https:\/\/web.grearequipa.gob.pe\/index.php?rest_route=\/wp\/v2\/pages\/4202\/revisions"}],"predecessor-version":[{"id":5461,"href":"https:\/\/web.grearequipa.gob.pe\/index.php?rest_route=\/wp\/v2\/pages\/4202\/revisions\/5461"}],"wp:attachment":[{"href":"https:\/\/web.grearequipa.gob.pe\/index.php?rest_route=%2Fwp%2Fv2%2Fmedia&parent=4202"}],"curies":[{"name":"wp","href":"https:\/\/api.w.org\/{rel}","templated":true}]}}