{"id":5332,"date":"2026-01-14T12:01:08","date_gmt":"2026-01-14T17:01:08","guid":{"rendered":"https:\/\/web.grearequipa.gob.pe\/?page_id=5332"},"modified":"2026-01-14T12:01:08","modified_gmt":"2026-01-14T17:01:08","slug":"convocatorias-cas-2026","status":"publish","type":"page","link":"https:\/\/web.grearequipa.gob.pe\/?page_id=5332","title":{"rendered":"CONVOCATORIAS CAS 2026"},"content":{"rendered":"\n<table id=\"tablepress-3\" class=\"tablepress tablepress-id-3\">\n<thead>\n<tr class=\"row-1 odd\">\n\t<th class=\"column-1\">&nbsp;<\/th><th class=\"column-2\">CONVOCATORIA<\/th><th class=\"column-3\">TERMINO DE REFERENCIA<\/th><th class=\"column-4\">RESULTADOS PRELIMINARES<\/th><th class=\"column-5\">OTROS<\/th><th class=\"column-6\">RESULTADOS<\/th><th class=\"column-7\">ESTADO<\/th>\n<\/tr>\n<\/thead>\n<tbody class=\"row-hover\">\n<tr class=\"row-2 even\">\n\t<td class=\"column-1\">CAS 0005 GRA-GRE-DGP 2026<br \/>\n06\/03\/2026<\/td><td class=\"column-2\"><a href=\"https:\/\/drive.google.com\/file\/d\/1BafcX_jXOgePCzJHOF7Ww9fFDdOrBMKz\/view?usp=drive_link\" target=\"_blank\" rel=\"noopener\">1 ESPECIALISTA DRE\/GRELEGAL, PARA LA ESTRATEGIA DE SUPERVISI\u00d3N AL SERVICIO DE GESTI\u00d3N PRIVADA DEEDUCACI\u00d3N B\u00c1SICA<\/a><\/td><td class=\"column-3\"><\/td><td class=\"column-4\"><\/td><td class=\"column-5\"><a href=\"https:\/\/drive.google.com\/file\/d\/1zlsqXWuc9yJxr8W4fzDya7r_OqZN_fvr\/view?usp=drive_link\" target=\"_blank\" rel=\"noopener\">RESULTADOS PRELIMINARES<\/a><br \/>\n<BR><BR><br \/>\n<a href=\"https:\/\/drive.google.com\/file\/d\/1r__A8eEzadKJHYZ5zzgOz0PeGDd4KjiT\/view?usp=drive_link\" target=\"_blank\" rel=\"noopener\">ENTREVISTA PERSONAL<\/a><\/td><td class=\"column-6\"><a href=\"https:\/\/drive.google.com\/file\/d\/1zpplt-jY9LQnxhmyOoFXKYxz1W7ctRQi\/view?usp=drive_link\" target=\"_blank\" rel=\"noopener\">RESULTADOS<\/a><\/td><td class=\"column-7\"><\/td>\n<\/tr>\n<tr class=\"row-3 odd\">\n\t<td class=\"column-1\">CAS 0004 GRA-GRE-DGP 2026<br \/>\n06\/03\/2026<\/td><td class=\"column-2\"><a href=\"https:\/\/drive.google.com\/file\/d\/1eZul_-zR5DLAfCHgJpfg1DbblC1WrLX8\/view?usp=drive_link\" target=\"_blank\" rel=\"noopener\">PROFESIONAL DOCENTE ESPECIALISTA EN DISCAPACIDAD VISUAL Y SORDOCEGUERA PARA EL CENTRO DE RECURSOS DE EDUCACI\u00d3N B\u00c1SICA ESPECIAL - CREBE, DEL PP 106 <\/a><\/td><td class=\"column-3\"><a href=\"https:\/\/drive.google.com\/file\/d\/1PO3_UnovxpSBY_BhKBTWxvRa51HhcnqY\/view?usp=drive_link\" target=\"_blank\" rel=\"noopener\"><strong>Comunicado<\/strong><\/a><\/td><td class=\"column-4\"><\/td><td class=\"column-5\"><a href=\"https:\/\/drive.google.com\/file\/d\/1-c3Qb6y9qgE6d59AHZnA7m18J1T3SAhp\/view?usp=drive_link\" target=\"_blank\" rel=\"noopener\">RESULTADOS PRELIMINARES<\/a><br \/>\n<br><br><a href=\"https:\/\/drive.google.com\/file\/d\/1ax3mbQvGlCP_X4mZuLbBxt28_N9FhxLo\/view?usp=drive_link\" target=\"_blank\" rel=\"noopener\">CRONOGRAMA DE ENTREVISTAS<\/a><\/td><td class=\"column-6\"><a href=\"https:\/\/drive.google.com\/file\/d\/17fA9UrmmLTYZbAAOeYOFxwONlgvzLa2m\/view?usp=drive_link\" target=\"_blank\" rel=\"noopener\">RESULTADOS<\/a><\/td><td class=\"column-7\"><\/td>\n<\/tr>\n<tr class=\"row-4 even\">\n\t<td class=\"column-1\">CAS 0003 GRA-GRE-DGP 2026<br \/>\n06\/03\/2026<\/td><td class=\"column-2\"><a href=\"https:\/\/drive.google.com\/file\/d\/1oOfEhHYGgkfla_7X9sfnSL9SK8tRh7XM\/view?usp=drive_link\" target=\"_blank\" rel=\"noopener\"> ESPECIALISTA DE LACALIDAD DEL SERVICIO EDUCATIVO SUPERIOR TECNOL\u00d3GICO <\/a><\/td><td class=\"column-3\"><a href=\"https:\/\/drive.google.com\/file\/d\/1PO3_UnovxpSBY_BhKBTWxvRa51HhcnqY\/view?usp=drive_link\" target=\"_blank\" rel=\"noopener\"><strong>Comunicado<\/strong><\/a><\/td><td class=\"column-4\"><\/td><td class=\"column-5\"><a href=\"https:\/\/drive.google.com\/file\/d\/1TYjBn44sFUNNQ6SXJv9ZEcH28olb0eHr\/view?usp=drive_link\" target=\"_blank\" rel=\"noopener\">RESULTADOS PRELIMINARES<\/a><br \/>\n<br \/>\n<br \/>\n<br><br><a href=\"https:\/\/drive.google.com\/file\/d\/1OO6OFlLzJSGLrc7rG76pTQhcDuLSmLlh\/view?usp=drive_link\" target=\"_blank\" rel=\"noopener\">CRONOGRAMA DE ENTREVISTAS<\/a><\/td><td class=\"column-6\"><a href=\"https:\/\/drive.google.com\/file\/d\/1KiywY1-CWP2M5oQ6uwua31hIOVWD6r5i\/view?usp=drive_link\" target=\"_blank\" rel=\"noopener\">RESULTADOS<\/a><\/td><td class=\"column-7\"><\/td>\n<\/tr>\n<tr class=\"row-5 odd\">\n\t<td class=\"column-1\">CAS 0002 GRA-GRE-DGP 2026<br \/>\n06\/03\/2026<\/td><td class=\"column-2\"><a href=\"https:\/\/drive.google.com\/file\/d\/1XbADlnCoLmqxZOMOU0ClGD3q9WA_DoPy\/view?usp=drive_link\" target=\"_blank\" rel=\"noopener\">ESPECIALISTA DE CONVIVENCIA ESCOLAR REGIONAL, DE LA INTERVENCI\u00d3N PEDAG\u00d3GICA<\/a><\/td><td class=\"column-3\"><a href=\"https:\/\/drive.google.com\/file\/d\/1PO3_UnovxpSBY_BhKBTWxvRa51HhcnqY\/view?usp=drive_link\" target=\"_blank\" rel=\"noopener\"><strong>Comunicado<\/strong><\/a><\/td><td class=\"column-4\"><\/td><td class=\"column-5\"><a href=\"https:\/\/drive.google.com\/file\/d\/1scg8JixnhF1zzqQbTyNLQjNFZMBMhXE5\/view?usp=drive_link\" target=\"_blank\" rel=\"noopener\">RESULTADOS PRELIMINARES<\/a><br \/>\n<br \/>\n<br>br> <a href=\"https:\/\/drive.google.com\/file\/d\/1lntCRELB9XtcsPr_cs8yYkU7ywmEuiCU\/view?usp=drive_link\" target=\"_blank\" rel=\"noopener\">CRONOGRAMA DE ENTREVISTAS<\/a><\/td><td class=\"column-6\"><a href=\"https:\/\/drive.google.com\/file\/d\/1S7yw4Y6RF6oqu7XtT124ceYU7Y24bCes\/view?usp=drive_link\" target=\"_blank\" rel=\"noopener\">RESULTADOS<\/a><\/td><td class=\"column-7\"><\/td>\n<\/tr>\n<tr class=\"row-6 even\">\n\t<td class=\"column-1\">CAS 0001 DGP-2026<br \/>\n14\/01\/2026<\/td><td class=\"column-2\"><a href=\"https:\/\/drive.google.com\/file\/d\/1qIdozjK4M5SVM91Upfj5mvr11niL16Kj\/view?usp=drive_link\">COORDINADORES LOCALES 0068 SUR, CARAVEL\u00cd, CASTILLA<\/a><\/td><td class=\"column-3\"><\/td><td class=\"column-4\"><a href=\"https:\/\/drive.google.com\/file\/d\/1_gR6jd_Tn4ayz4SOfJLkN-PckCGi-Bkr\/view?usp=drive_link\" target=\"_blank\" rel=\"noopener\">RESULTADOS PRELIMINARES<\/a><\/td><td class=\"column-5\"><a href=\"https:\/\/drive.google.com\/file\/d\/1v_OoNeBH-iSmmXx-R6xiOIEW2cyXvmpT\/view?usp=drive_link\" target=\"_blank\" rel=\"noopener\">COMUNICADO<\/a><\/td><td class=\"column-6\"><a href=\"https:\/\/drive.google.com\/file\/d\/1Hdhu_GSK7hautwKXEyZBFzUBNlbooh29\/view?usp=drive_link\" target=\"_blank\" rel=\"noopener\">RESULTADOS FINALES PARA ENTREVISTAS <\/a><br \/>\n<br \/>\n<br><br \/>\n<br><br \/>\n<a href=\"https:\/\/drive.google.com\/file\/d\/1fW5Z0C3asDmicsiEeE9ZL6eNLDPFiaU4\/view?usp=drive_link\" target=\"_blank\" rel=\"noopener\">RESULTADOS FINALES<\/a><\/td><td class=\"column-7\"><\/td>\n<\/tr>\n<\/tbody>\n<\/table>\n<!-- #tablepress-3 from cache -->\n","protected":false},"excerpt":{"rendered":"","protected":false},"author":2,"featured_media":0,"parent":0,"menu_order":0,"comment_status":"closed","ping_status":"closed","template":"","meta":{"footnotes":""},"class_list":["post-5332","page","type-page","status-publish","hentry"],"_links":{"self":[{"href":"https:\/\/web.grearequipa.gob.pe\/index.php?rest_route=\/wp\/v2\/pages\/5332","targetHints":{"allow":["GET"]}}],"collection":[{"href":"https:\/\/web.grearequipa.gob.pe\/index.php?rest_route=\/wp\/v2\/pages"}],"about":[{"href":"https:\/\/web.grearequipa.gob.pe\/index.php?rest_route=\/wp\/v2\/types\/page"}],"author":[{"embeddable":true,"href":"https:\/\/web.grearequipa.gob.pe\/index.php?rest_route=\/wp\/v2\/users\/2"}],"replies":[{"embeddable":true,"href":"https:\/\/web.grearequipa.gob.pe\/index.php?rest_route=%2Fwp%2Fv2%2Fcomments&post=5332"}],"version-history":[{"count":1,"href":"https:\/\/web.grearequipa.gob.pe\/index.php?rest_route=\/wp\/v2\/pages\/5332\/revisions"}],"predecessor-version":[{"id":5333,"href":"https:\/\/web.grearequipa.gob.pe\/index.php?rest_route=\/wp\/v2\/pages\/5332\/revisions\/5333"}],"wp:attachment":[{"href":"https:\/\/web.grearequipa.gob.pe\/index.php?rest_route=%2Fwp%2Fv2%2Fmedia&parent=5332"}],"curies":[{"name":"wp","href":"https:\/\/api.w.org\/{rel}","templated":true}]}}